{"id":48,"date":"2012-08-17T14:07:57","date_gmt":"2012-08-17T14:07:57","guid":{"rendered":"http:\/\/plussoluciones.com\/web\/?page_id=48"},"modified":"2012-08-17T14:27:51","modified_gmt":"2012-08-17T14:27:51","slug":"bienvenido","status":"publish","type":"page","link":"https:\/\/plussoluciones.com\/web\/bienvenido\/","title":{"rendered":"Bienvenido a PLUS SOLUCIONES"},"content":{"rendered":"<p style=\"text-align: justify;\">\u00a0<strong style=\"text-align: justify;\">PLUS SOLUCIONES posee varios Data Center donde mantiene sus s<\/strong><strong style=\"text-align: justify;\">ervidores dedicados con la mejor conectividad, implementados con canales de alta velocidad especialmente dise\u00f1ados para nuestros servicios.<\/strong><\/p>\n<p style=\"text-align: justify;\">Nuestra plataforma cuenta con servidores de \u00faltima tecnolog\u00eda y alta disponibilidad con canales de Internet superiores, nuestros servidores son monitoreados las 24 horas los 365 d\u00edas del a\u00f1o por nuestro personal altamente capacitado.<\/p>\n","protected":false},"excerpt":{"rendered":"<p>\u00a0PLUS SOLUCIONES posee varios Data Center donde mantiene sus servidores dedicados con la mejor conectividad, implementados con canales de alta velocidad especialmente dise\u00f1ados para nuestros servicios. Nuestra plataforma cuenta con servidores de \u00faltima tecnolog\u00eda y alta disponibilidad con canales de Internet superiores, nuestros servidores son monitoreados las 24 horas los 365 d\u00edas del a\u00f1o por [&hellip;]<\/p>\n","protected":false},"author":1,"featured_media":0,"parent":0,"menu_order":0,"comment_status":"open","ping_status":"open","template":"","meta":{"_exactmetrics_skip_tracking":false,"_exactmetrics_sitenote_active":false,"_exactmetrics_sitenote_note":"","_exactmetrics_sitenote_category":0,"footnotes":""},"yoast_head":"<!-- This site is optimized with the Yoast SEO plugin v24.5 - https:\/\/yoast.com\/wordpress\/plugins\/seo\/ -->\n<title>Bienvenido a PLUS SOLUCIONES - Plus Soluciones<\/title>\n<meta name=\"robots\" content=\"index, follow, max-snippet:-1, max-image-preview:large, max-video-preview:-1\" \/>\n<link rel=\"canonical\" href=\"https:\/\/plussoluciones.com\/web\/bienvenido\/\" \/>\n<meta property=\"og:locale\" content=\"es_ES\" \/>\n<meta property=\"og:type\" content=\"article\" \/>\n<meta property=\"og:title\" content=\"Bienvenido a PLUS SOLUCIONES - Plus Soluciones\" \/>\n<meta property=\"og:description\" content=\"\u00a0PLUS SOLUCIONES posee varios Data Center donde mantiene sus servidores dedicados con la mejor conectividad, implementados con canales de alta velocidad especialmente dise\u00f1ados para nuestros servicios. Nuestra plataforma cuenta con servidores de \u00faltima tecnolog\u00eda y alta disponibilidad con canales de Internet superiores, nuestros servidores son monitoreados las 24 horas los 365 d\u00edas del a\u00f1o por [&hellip;]\" \/>\n<meta property=\"og:url\" content=\"https:\/\/plussoluciones.com\/web\/bienvenido\/\" \/>\n<meta property=\"og:site_name\" content=\"Plus Soluciones\" \/>\n<meta property=\"article:modified_time\" content=\"2012-08-17T14:27:51+00:00\" \/>\n<meta name=\"twitter:card\" content=\"summary_large_image\" \/>\n<script type=\"application\/ld+json\" class=\"yoast-schema-graph\">{\"@context\":\"https:\/\/schema.org\",\"@graph\":[{\"@type\":\"WebPage\",\"@id\":\"https:\/\/plussoluciones.com\/web\/bienvenido\/\",\"url\":\"https:\/\/plussoluciones.com\/web\/bienvenido\/\",\"name\":\"Bienvenido a PLUS SOLUCIONES - Plus Soluciones\",\"isPartOf\":{\"@id\":\"https:\/\/plussoluciones.com\/web\/#website\"},\"datePublished\":\"2012-08-17T14:07:57+00:00\",\"dateModified\":\"2012-08-17T14:27:51+00:00\",\"breadcrumb\":{\"@id\":\"https:\/\/plussoluciones.com\/web\/bienvenido\/#breadcrumb\"},\"inLanguage\":\"es\",\"potentialAction\":[{\"@type\":\"ReadAction\",\"target\":[\"https:\/\/plussoluciones.com\/web\/bienvenido\/\"]}]},{\"@type\":\"BreadcrumbList\",\"@id\":\"https:\/\/plussoluciones.com\/web\/bienvenido\/#breadcrumb\",\"itemListElement\":[{\"@type\":\"ListItem\",\"position\":1,\"name\":\"Home\",\"item\":\"https:\/\/plussoluciones.com\/web\/\"},{\"@type\":\"ListItem\",\"position\":2,\"name\":\"Bienvenido a PLUS SOLUCIONES\"}]},{\"@type\":\"WebSite\",\"@id\":\"https:\/\/plussoluciones.com\/web\/#website\",\"url\":\"https:\/\/plussoluciones.com\/web\/\",\"name\":\"Plus Soluciones\",\"description\":\"Soluciones a tu alcance\",\"publisher\":{\"@id\":\"https:\/\/plussoluciones.com\/web\/#organization\"},\"potentialAction\":[{\"@type\":\"SearchAction\",\"target\":{\"@type\":\"EntryPoint\",\"urlTemplate\":\"https:\/\/plussoluciones.com\/web\/?s={search_term_string}\"},\"query-input\":{\"@type\":\"PropertyValueSpecification\",\"valueRequired\":true,\"valueName\":\"search_term_string\"}}],\"inLanguage\":\"es\"},{\"@type\":\"Organization\",\"@id\":\"https:\/\/plussoluciones.com\/web\/#organization\",\"name\":\"Plus Soluciones\",\"url\":\"https:\/\/plussoluciones.com\/web\/\",\"logo\":{\"@type\":\"ImageObject\",\"inLanguage\":\"es\",\"@id\":\"https:\/\/plussoluciones.com\/web\/#\/schema\/logo\/image\/\",\"url\":\"https:\/\/plussoluciones.com\/web\/wp-content\/uploads\/2012\/08\/logo.jpg\",\"contentUrl\":\"https:\/\/plussoluciones.com\/web\/wp-content\/uploads\/2012\/08\/logo.jpg\",\"width\":\"400\",\"height\":\"39\",\"caption\":\"Plus Soluciones\"},\"image\":{\"@id\":\"https:\/\/plussoluciones.com\/web\/#\/schema\/logo\/image\/\"}}]}<\/script>\n<!-- \/ Yoast SEO plugin. -->","yoast_head_json":{"title":"Bienvenido a PLUS SOLUCIONES - Plus Soluciones","robots":{"index":"index","follow":"follow","max-snippet":"max-snippet:-1","max-image-preview":"max-image-preview:large","max-video-preview":"max-video-preview:-1"},"canonical":"https:\/\/plussoluciones.com\/web\/bienvenido\/","og_locale":"es_ES","og_type":"article","og_title":"Bienvenido a PLUS SOLUCIONES - Plus Soluciones","og_description":"\u00a0PLUS SOLUCIONES posee varios Data Center donde mantiene sus servidores dedicados con la mejor conectividad, implementados con canales de alta velocidad especialmente dise\u00f1ados para nuestros servicios. Nuestra plataforma cuenta con servidores de \u00faltima tecnolog\u00eda y alta disponibilidad con canales de Internet superiores, nuestros servidores son monitoreados las 24 horas los 365 d\u00edas del a\u00f1o por [&hellip;]","og_url":"https:\/\/plussoluciones.com\/web\/bienvenido\/","og_site_name":"Plus Soluciones","article_modified_time":"2012-08-17T14:27:51+00:00","twitter_card":"summary_large_image","schema":{"@context":"https:\/\/schema.org","@graph":[{"@type":"WebPage","@id":"https:\/\/plussoluciones.com\/web\/bienvenido\/","url":"https:\/\/plussoluciones.com\/web\/bienvenido\/","name":"Bienvenido a PLUS SOLUCIONES - Plus Soluciones","isPartOf":{"@id":"https:\/\/plussoluciones.com\/web\/#website"},"datePublished":"2012-08-17T14:07:57+00:00","dateModified":"2012-08-17T14:27:51+00:00","breadcrumb":{"@id":"https:\/\/plussoluciones.com\/web\/bienvenido\/#breadcrumb"},"inLanguage":"es","potentialAction":[{"@type":"ReadAction","target":["https:\/\/plussoluciones.com\/web\/bienvenido\/"]}]},{"@type":"BreadcrumbList","@id":"https:\/\/plussoluciones.com\/web\/bienvenido\/#breadcrumb","itemListElement":[{"@type":"ListItem","position":1,"name":"Home","item":"https:\/\/plussoluciones.com\/web\/"},{"@type":"ListItem","position":2,"name":"Bienvenido a PLUS SOLUCIONES"}]},{"@type":"WebSite","@id":"https:\/\/plussoluciones.com\/web\/#website","url":"https:\/\/plussoluciones.com\/web\/","name":"Plus Soluciones","description":"Soluciones a tu alcance","publisher":{"@id":"https:\/\/plussoluciones.com\/web\/#organization"},"potentialAction":[{"@type":"SearchAction","target":{"@type":"EntryPoint","urlTemplate":"https:\/\/plussoluciones.com\/web\/?s={search_term_string}"},"query-input":{"@type":"PropertyValueSpecification","valueRequired":true,"valueName":"search_term_string"}}],"inLanguage":"es"},{"@type":"Organization","@id":"https:\/\/plussoluciones.com\/web\/#organization","name":"Plus Soluciones","url":"https:\/\/plussoluciones.com\/web\/","logo":{"@type":"ImageObject","inLanguage":"es","@id":"https:\/\/plussoluciones.com\/web\/#\/schema\/logo\/image\/","url":"https:\/\/plussoluciones.com\/web\/wp-content\/uploads\/2012\/08\/logo.jpg","contentUrl":"https:\/\/plussoluciones.com\/web\/wp-content\/uploads\/2012\/08\/logo.jpg","width":"400","height":"39","caption":"Plus Soluciones"},"image":{"@id":"https:\/\/plussoluciones.com\/web\/#\/schema\/logo\/image\/"}}]}},"_links":{"self":[{"href":"https:\/\/plussoluciones.com\/web\/wp-json\/wp\/v2\/pages\/48"}],"collection":[{"href":"https:\/\/plussoluciones.com\/web\/wp-json\/wp\/v2\/pages"}],"about":[{"href":"https:\/\/plussoluciones.com\/web\/wp-json\/wp\/v2\/types\/page"}],"author":[{"embeddable":true,"href":"https:\/\/plussoluciones.com\/web\/wp-json\/wp\/v2\/users\/1"}],"replies":[{"embeddable":true,"href":"https:\/\/plussoluciones.com\/web\/wp-json\/wp\/v2\/comments?post=48"}],"version-history":[{"count":9,"href":"https:\/\/plussoluciones.com\/web\/wp-json\/wp\/v2\/pages\/48\/revisions"}],"predecessor-version":[{"id":70,"href":"https:\/\/plussoluciones.com\/web\/wp-json\/wp\/v2\/pages\/48\/revisions\/70"}],"wp:attachment":[{"href":"https:\/\/plussoluciones.com\/web\/wp-json\/wp\/v2\/media?parent=48"}],"curies":[{"name":"wp","href":"https:\/\/api.w.org\/{rel}","templated":true}]}}