{"id":35,"date":"2012-08-17T03:11:38","date_gmt":"2012-08-17T03:11:38","guid":{"rendered":"http:\/\/plussoluciones.com\/web\/?page_id=35"},"modified":"2017-01-13T16:22:09","modified_gmt":"2017-01-13T21:22:09","slug":"transmisiones-en-vivo","status":"publish","type":"page","link":"https:\/\/plussoluciones.com\/web\/servicios\/transmisiones-en-vivo\/","title":{"rendered":"Transmisiones en Vivo"},"content":{"rendered":"<p>Puede ser usada para la transmisi\u00f3n de eventos en vivo o pregrabados por internet como: Conciertos, Seminarios, Conferencias, Bodas, Eventos Sociales.<\/p>\n<p><strong>\u00bfC\u00f3mo funciona la TELEVISION ON-LINE?<\/strong><br \/>\nPor medio de un Encoder (programa que codifica la imagen y audio), la programaci\u00f3n es enviada para el servidor, el server decodifica su programaci\u00f3n y la env\u00eda a su website a trav\u00e9s de un n\u00famero de IP fijo y exclusivo que proporcionaremos a su estaci\u00f3n de televisi\u00f3n.<\/p>\n<p>Brindamos las herramientas m\u00e1s profesionales para transmitir en vivo y en demanda, con los mejores formatos de la industria: H.264 en video y AAC en audio a millones de personas.<\/p>\n<p><strong>\u00bfQu\u00e9 equipos necesita Tener?<\/strong><br \/>\nEs necesario tener un equipo con las siguientes caracter\u00edsticas:<br \/>\nEquipo (configuraci\u00f3n m\u00ednima recomendada):<br \/>\nProcesador Intel i5 \/ i7<br \/>\nMemoria 4G Ram<br \/>\nConexi\u00f3n ADSL, DLS o Cable 1 MB<br \/>\nSistema Operativo (Windows 7)<br \/>\nPlaca Capturadora de Video<\/p>\n<h2><a title=\"Planes\" href=\"http:\/\/www.plussoluciones.com\/clientes\/cart.php?gid=3\" target=\"_blank\">Ver Planes de Streaming<\/a><\/h2>\n","protected":false},"excerpt":{"rendered":"<p>Puede ser usada para la transmisi\u00f3n de eventos en vivo o pregrabados por internet como: Conciertos, Seminarios, Conferencias, Bodas, Eventos Sociales. \u00bfC\u00f3mo funciona la TELEVISION ON-LINE? Por medio de un Encoder (programa que codifica la imagen y audio), la programaci\u00f3n es enviada para el servidor, el server decodifica su programaci\u00f3n y la env\u00eda a su [&hellip;]<\/p>\n","protected":false},"author":1,"featured_media":0,"parent":31,"menu_order":0,"comment_status":"closed","ping_status":"closed","template":"","meta":{"_exactmetrics_skip_tracking":false,"_exactmetrics_sitenote_active":false,"_exactmetrics_sitenote_note":"","_exactmetrics_sitenote_category":0,"footnotes":""},"yoast_head":"<!-- This site is optimized with the Yoast SEO plugin v24.5 - https:\/\/yoast.com\/wordpress\/plugins\/seo\/ -->\n<title>Transmisiones en Vivo - Plus Soluciones<\/title>\n<meta name=\"robots\" content=\"index, follow, max-snippet:-1, max-image-preview:large, max-video-preview:-1\" \/>\n<link rel=\"canonical\" href=\"https:\/\/plussoluciones.com\/web\/servicios\/transmisiones-en-vivo\/\" \/>\n<meta property=\"og:locale\" content=\"es_ES\" \/>\n<meta property=\"og:type\" content=\"article\" \/>\n<meta property=\"og:title\" content=\"Transmisiones en Vivo - Plus Soluciones\" \/>\n<meta property=\"og:description\" content=\"Puede ser usada para la transmisi\u00f3n de eventos en vivo o pregrabados por internet como: Conciertos, Seminarios, Conferencias, Bodas, Eventos Sociales. \u00bfC\u00f3mo funciona la TELEVISION ON-LINE? Por medio de un Encoder (programa que codifica la imagen y audio), la programaci\u00f3n es enviada para el servidor, el server decodifica su programaci\u00f3n y la env\u00eda a su [&hellip;]\" \/>\n<meta property=\"og:url\" content=\"https:\/\/plussoluciones.com\/web\/servicios\/transmisiones-en-vivo\/\" \/>\n<meta property=\"og:site_name\" content=\"Plus Soluciones\" \/>\n<meta property=\"article:modified_time\" content=\"2017-01-13T21:22:09+00:00\" \/>\n<meta name=\"twitter:card\" content=\"summary_large_image\" \/>\n<meta name=\"twitter:label1\" content=\"Tiempo de lectura\" \/>\n\t<meta name=\"twitter:data1\" content=\"1 minuto\" \/>\n<script type=\"application\/ld+json\" class=\"yoast-schema-graph\">{\"@context\":\"https:\/\/schema.org\",\"@graph\":[{\"@type\":\"WebPage\",\"@id\":\"https:\/\/plussoluciones.com\/web\/servicios\/transmisiones-en-vivo\/\",\"url\":\"https:\/\/plussoluciones.com\/web\/servicios\/transmisiones-en-vivo\/\",\"name\":\"Transmisiones en Vivo - Plus Soluciones\",\"isPartOf\":{\"@id\":\"https:\/\/plussoluciones.com\/web\/#website\"},\"datePublished\":\"2012-08-17T03:11:38+00:00\",\"dateModified\":\"2017-01-13T21:22:09+00:00\",\"breadcrumb\":{\"@id\":\"https:\/\/plussoluciones.com\/web\/servicios\/transmisiones-en-vivo\/#breadcrumb\"},\"inLanguage\":\"es\",\"potentialAction\":[{\"@type\":\"ReadAction\",\"target\":[\"https:\/\/plussoluciones.com\/web\/servicios\/transmisiones-en-vivo\/\"]}]},{\"@type\":\"BreadcrumbList\",\"@id\":\"https:\/\/plussoluciones.com\/web\/servicios\/transmisiones-en-vivo\/#breadcrumb\",\"itemListElement\":[{\"@type\":\"ListItem\",\"position\":1,\"name\":\"Home\",\"item\":\"https:\/\/plussoluciones.com\/web\/\"},{\"@type\":\"ListItem\",\"position\":2,\"name\":\"Servicios\",\"item\":\"https:\/\/plussoluciones.com\/web\/servicios\/\"},{\"@type\":\"ListItem\",\"position\":3,\"name\":\"Transmisiones en Vivo\"}]},{\"@type\":\"WebSite\",\"@id\":\"https:\/\/plussoluciones.com\/web\/#website\",\"url\":\"https:\/\/plussoluciones.com\/web\/\",\"name\":\"Plus Soluciones\",\"description\":\"Soluciones a tu alcance\",\"publisher\":{\"@id\":\"https:\/\/plussoluciones.com\/web\/#organization\"},\"potentialAction\":[{\"@type\":\"SearchAction\",\"target\":{\"@type\":\"EntryPoint\",\"urlTemplate\":\"https:\/\/plussoluciones.com\/web\/?s={search_term_string}\"},\"query-input\":{\"@type\":\"PropertyValueSpecification\",\"valueRequired\":true,\"valueName\":\"search_term_string\"}}],\"inLanguage\":\"es\"},{\"@type\":\"Organization\",\"@id\":\"https:\/\/plussoluciones.com\/web\/#organization\",\"name\":\"Plus Soluciones\",\"url\":\"https:\/\/plussoluciones.com\/web\/\",\"logo\":{\"@type\":\"ImageObject\",\"inLanguage\":\"es\",\"@id\":\"https:\/\/plussoluciones.com\/web\/#\/schema\/logo\/image\/\",\"url\":\"https:\/\/plussoluciones.com\/web\/wp-content\/uploads\/2012\/08\/logo.jpg\",\"contentUrl\":\"https:\/\/plussoluciones.com\/web\/wp-content\/uploads\/2012\/08\/logo.jpg\",\"width\":\"400\",\"height\":\"39\",\"caption\":\"Plus Soluciones\"},\"image\":{\"@id\":\"https:\/\/plussoluciones.com\/web\/#\/schema\/logo\/image\/\"}}]}<\/script>\n<!-- \/ Yoast SEO plugin. -->","yoast_head_json":{"title":"Transmisiones en Vivo - Plus Soluciones","robots":{"index":"index","follow":"follow","max-snippet":"max-snippet:-1","max-image-preview":"max-image-preview:large","max-video-preview":"max-video-preview:-1"},"canonical":"https:\/\/plussoluciones.com\/web\/servicios\/transmisiones-en-vivo\/","og_locale":"es_ES","og_type":"article","og_title":"Transmisiones en Vivo - Plus Soluciones","og_description":"Puede ser usada para la transmisi\u00f3n de eventos en vivo o pregrabados por internet como: Conciertos, Seminarios, Conferencias, Bodas, Eventos Sociales. \u00bfC\u00f3mo funciona la TELEVISION ON-LINE? Por medio de un Encoder (programa que codifica la imagen y audio), la programaci\u00f3n es enviada para el servidor, el server decodifica su programaci\u00f3n y la env\u00eda a su [&hellip;]","og_url":"https:\/\/plussoluciones.com\/web\/servicios\/transmisiones-en-vivo\/","og_site_name":"Plus Soluciones","article_modified_time":"2017-01-13T21:22:09+00:00","twitter_card":"summary_large_image","twitter_misc":{"Tiempo de lectura":"1 minuto"},"schema":{"@context":"https:\/\/schema.org","@graph":[{"@type":"WebPage","@id":"https:\/\/plussoluciones.com\/web\/servicios\/transmisiones-en-vivo\/","url":"https:\/\/plussoluciones.com\/web\/servicios\/transmisiones-en-vivo\/","name":"Transmisiones en Vivo - Plus Soluciones","isPartOf":{"@id":"https:\/\/plussoluciones.com\/web\/#website"},"datePublished":"2012-08-17T03:11:38+00:00","dateModified":"2017-01-13T21:22:09+00:00","breadcrumb":{"@id":"https:\/\/plussoluciones.com\/web\/servicios\/transmisiones-en-vivo\/#breadcrumb"},"inLanguage":"es","potentialAction":[{"@type":"ReadAction","target":["https:\/\/plussoluciones.com\/web\/servicios\/transmisiones-en-vivo\/"]}]},{"@type":"BreadcrumbList","@id":"https:\/\/plussoluciones.com\/web\/servicios\/transmisiones-en-vivo\/#breadcrumb","itemListElement":[{"@type":"ListItem","position":1,"name":"Home","item":"https:\/\/plussoluciones.com\/web\/"},{"@type":"ListItem","position":2,"name":"Servicios","item":"https:\/\/plussoluciones.com\/web\/servicios\/"},{"@type":"ListItem","position":3,"name":"Transmisiones en Vivo"}]},{"@type":"WebSite","@id":"https:\/\/plussoluciones.com\/web\/#website","url":"https:\/\/plussoluciones.com\/web\/","name":"Plus Soluciones","description":"Soluciones a tu alcance","publisher":{"@id":"https:\/\/plussoluciones.com\/web\/#organization"},"potentialAction":[{"@type":"SearchAction","target":{"@type":"EntryPoint","urlTemplate":"https:\/\/plussoluciones.com\/web\/?s={search_term_string}"},"query-input":{"@type":"PropertyValueSpecification","valueRequired":true,"valueName":"search_term_string"}}],"inLanguage":"es"},{"@type":"Organization","@id":"https:\/\/plussoluciones.com\/web\/#organization","name":"Plus Soluciones","url":"https:\/\/plussoluciones.com\/web\/","logo":{"@type":"ImageObject","inLanguage":"es","@id":"https:\/\/plussoluciones.com\/web\/#\/schema\/logo\/image\/","url":"https:\/\/plussoluciones.com\/web\/wp-content\/uploads\/2012\/08\/logo.jpg","contentUrl":"https:\/\/plussoluciones.com\/web\/wp-content\/uploads\/2012\/08\/logo.jpg","width":"400","height":"39","caption":"Plus Soluciones"},"image":{"@id":"https:\/\/plussoluciones.com\/web\/#\/schema\/logo\/image\/"}}]}},"_links":{"self":[{"href":"https:\/\/plussoluciones.com\/web\/wp-json\/wp\/v2\/pages\/35"}],"collection":[{"href":"https:\/\/plussoluciones.com\/web\/wp-json\/wp\/v2\/pages"}],"about":[{"href":"https:\/\/plussoluciones.com\/web\/wp-json\/wp\/v2\/types\/page"}],"author":[{"embeddable":true,"href":"https:\/\/plussoluciones.com\/web\/wp-json\/wp\/v2\/users\/1"}],"replies":[{"embeddable":true,"href":"https:\/\/plussoluciones.com\/web\/wp-json\/wp\/v2\/comments?post=35"}],"version-history":[{"count":4,"href":"https:\/\/plussoluciones.com\/web\/wp-json\/wp\/v2\/pages\/35\/revisions"}],"predecessor-version":[{"id":246,"href":"https:\/\/plussoluciones.com\/web\/wp-json\/wp\/v2\/pages\/35\/revisions\/246"}],"up":[{"embeddable":true,"href":"https:\/\/plussoluciones.com\/web\/wp-json\/wp\/v2\/pages\/31"}],"wp:attachment":[{"href":"https:\/\/plussoluciones.com\/web\/wp-json\/wp\/v2\/media?parent=35"}],"curies":[{"name":"wp","href":"https:\/\/api.w.org\/{rel}","templated":true}]}}